{"id":13,"date":"2026-04-26T05:52:44","date_gmt":"2026-04-26T05:52:44","guid":{"rendered":"https:\/\/serwer438621.lh.pl\/autoinstalator\/serwer438621.lh.pl\/wordpress159382\/?page_id=13"},"modified":"2026-05-04T05:36:25","modified_gmt":"2026-05-04T05:36:25","slug":"blog","status":"publish","type":"page","link":"https:\/\/wjazni.pl\/index.php\/blog\/","title":{"rendered":"Blog"},"content":{"rendered":"\n<div class=\"wp-block-cover is-light has-custom-content-position is-position-top-center has-black-color has-text-color has-link-color wp-elements-cb17fd6a505485f4aaed15b43a1bb45f\" style=\"min-height:650px;aspect-ratio:unset;\"><img loading=\"lazy\" decoding=\"async\" width=\"570\" height=\"570\" class=\"wp-block-cover__image-background wp-image-182 size-full\" alt=\"\" src=\"http:\/\/wjazni.pl\/wp-content\/uploads\/2026\/04\/om_watermark_v3.png\" style=\"object-position:49% 64%\" data-object-fit=\"cover\" data-object-position=\"49% 64%\" srcset=\"https:\/\/wjazni.pl\/wp-content\/uploads\/2026\/04\/om_watermark_v3.png 570w, https:\/\/wjazni.pl\/wp-content\/uploads\/2026\/04\/om_watermark_v3-300x300.png 300w, https:\/\/wjazni.pl\/wp-content\/uploads\/2026\/04\/om_watermark_v3-150x150.png 150w\" sizes=\"auto, (max-width: 570px) 100vw, 570px\" \/><span aria-hidden=\"true\" class=\"wp-block-cover__background has-background-dim-0 has-background-dim\" style=\"background-color:#d2b8be\"><\/span><div class=\"wp-block-cover__inner-container is-layout-constrained wp-block-cover-is-layout-constrained\">\n<ul class=\"wp-block-list\">\n<li class=\"has-ast-global-color-0-color has-text-color has-link-color wp-elements-bdba116c360049db3e5d81f067c30165\"><a href=\"https:\/\/wjazni.pl\/index.php\/category\/rozdzial-1-joga-smutku-arjuny\/\" data-type=\"link\" data-id=\"https:\/\/wjazni.pl\/index.php\/category\/rozdzial-1-joga-smutku-arjuny\/\">Rozdzia\u0142 1. Joga smutku Arjuny<\/a><\/li>\n\n\n\n<li>Rozdzia\u0142 2. Sankhja-joga<\/li>\n\n\n\n<li>Rozdzia\u0142 3. Joga czynu<\/li>\n\n\n\n<li>Rozdzia\u0142 4. Joga wiedzy<\/li>\n\n\n\n<li>Rozdzia\u0142 5. Joga wyrzeczenia si\u0119 czynu<\/li>\n\n\n\n<li>Rozdzia\u0142 6. Joga kontemplacji<\/li>\n\n\n\n<li>Rozdzia\u0142 7. Joga wiedzy i m\u0105dro\u015bci<\/li>\n\n\n\n<li>Rozdzia\u0142 8. Joga niezniszczalnego brahmana<\/li>\n\n\n\n<li>Rozdzia\u0142 9. Joga kr\u00f3lewskiej wiedzy i kr\u00f3lewskiej tajemnicy<\/li>\n\n\n\n<li>Rozdzia\u0142 10. Joga mocy<\/li>\n\n\n\n<li>Rozdzia\u0142 11. Joga ogl\u0105du postaci wszystkiego<\/li>\n\n\n\n<li>Rozdzia\u0142 12. Joga uwielbienia<\/li>\n\n\n\n<li>Rozdzia\u0142 13. Joga pola i znawcy pola<\/li>\n\n\n\n<li>Rozdzia\u0142 14. Joga tr\u00f3jgunowego podzia\u0142u<\/li>\n\n\n\n<li>Rozdzia\u0142 15. Joga najlepszego po\u015br\u00f3d ludzi<\/li>\n\n\n\n<li>Rozdzia\u0142 16. Joga podzia\u0142u na doskona\u0142o\u015bci niebian i demon\u00f3w<\/li>\n\n\n\n<li>Rozdzia\u0142 17. Joga podzia\u0142u trojakiej wiary<\/li>\n\n\n\n<li>Rozdzia\u0142 18. Joga wyzwolenia<\/li>\n<\/ul>\n<\/div><\/div>\n","protected":false},"excerpt":{"rendered":"","protected":false},"author":2,"featured_media":0,"parent":0,"menu_order":0,"comment_status":"closed","ping_status":"closed","template":"","meta":{"site-sidebar-layout":"default","site-content-layout":"","ast-site-content-layout":"default","site-content-style":"default","site-sidebar-style":"default","ast-global-header-display":"","ast-banner-title-visibility":"","ast-main-header-display":"","ast-hfb-above-header-display":"","ast-hfb-below-header-display":"","ast-hfb-mobile-header-display":"","site-post-title":"disabled","ast-breadcrumbs-content":"","ast-featured-img":"","footer-sml-layout":"","ast-disable-related-posts":"","theme-transparent-header-meta":"","adv-header-id-meta":"","stick-header-meta":"","header-above-stick-meta":"","header-main-stick-meta":"","header-below-stick-meta":"","astra-migrate-meta-layouts":"default","ast-page-background-enabled":"default","ast-page-background-meta":{"desktop":{"background-color":"var(--ast-global-color-5)","background-image":"","background-repeat":"repeat","background-position":"center center","background-size":"auto","background-attachment":"scroll","background-type":"","background-media":"","overlay-type":"","overlay-color":"","overlay-opacity":"","overlay-gradient":""},"tablet":{"background-color":"","background-image":"","background-repeat":"repeat","background-position":"center center","background-size":"auto","background-attachment":"scroll","background-type":"","background-media":"","overlay-type":"","overlay-color":"","overlay-opacity":"","overlay-gradient":""},"mobile":{"background-color":"","background-image":"","background-repeat":"repeat","background-position":"center center","background-size":"auto","background-attachment":"scroll","background-type":"","background-media":"","overlay-type":"","overlay-color":"","overlay-opacity":"","overlay-gradient":""}},"ast-content-background-meta":{"desktop":{"background-color":"var(--ast-global-color-4)","background-image":"","background-repeat":"repeat","background-position":"center center","background-size":"auto","background-attachment":"scroll","background-type":"","background-media":"","overlay-type":"","overlay-color":"","overlay-opacity":"","overlay-gradient":""},"tablet":{"background-color":"var(--ast-global-color-4)","background-image":"","background-repeat":"repeat","background-position":"center center","background-size":"auto","background-attachment":"scroll","background-type":"","background-media":"","overlay-type":"","overlay-color":"","overlay-opacity":"","overlay-gradient":""},"mobile":{"background-color":"var(--ast-global-color-4)","background-image":"","background-repeat":"repeat","background-position":"center center","background-size":"auto","background-attachment":"scroll","background-type":"","background-media":"","overlay-type":"","overlay-color":"","overlay-opacity":"","overlay-gradient":""}},"footnotes":""},"class_list":["post-13","page","type-page","status-publish","hentry"],"_links":{"self":[{"href":"https:\/\/wjazni.pl\/index.php\/wp-json\/wp\/v2\/pages\/13","targetHints":{"allow":["GET"]}}],"collection":[{"href":"https:\/\/wjazni.pl\/index.php\/wp-json\/wp\/v2\/pages"}],"about":[{"href":"https:\/\/wjazni.pl\/index.php\/wp-json\/wp\/v2\/types\/page"}],"author":[{"embeddable":true,"href":"https:\/\/wjazni.pl\/index.php\/wp-json\/wp\/v2\/users\/2"}],"replies":[{"embeddable":true,"href":"https:\/\/wjazni.pl\/index.php\/wp-json\/wp\/v2\/comments?post=13"}],"version-history":[{"count":14,"href":"https:\/\/wjazni.pl\/index.php\/wp-json\/wp\/v2\/pages\/13\/revisions"}],"predecessor-version":[{"id":259,"href":"https:\/\/wjazni.pl\/index.php\/wp-json\/wp\/v2\/pages\/13\/revisions\/259"}],"wp:attachment":[{"href":"https:\/\/wjazni.pl\/index.php\/wp-json\/wp\/v2\/media?parent=13"}],"curies":[{"name":"wp","href":"https:\/\/api.w.org\/{rel}","templated":true}]}}