{"id":253,"date":"2026-05-04T05:30:50","date_gmt":"2026-05-04T05:30:50","guid":{"rendered":"https:\/\/wjazni.pl\/?page_id=253"},"modified":"2026-05-04T05:35:53","modified_gmt":"2026-05-04T05:35:53","slug":"wprowadzenie","status":"publish","type":"page","link":"https:\/\/wjazni.pl\/index.php\/wprowadzenie\/","title":{"rendered":"Wprowadzenie"},"content":{"rendered":"\n<div class=\"wp-block-cover is-light\"><img loading=\"lazy\" decoding=\"async\" width=\"570\" height=\"570\" class=\"wp-block-cover__image-background wp-image-182 size-full\" alt=\"\" src=\"http:\/\/wjazni.pl\/wp-content\/uploads\/2026\/04\/om_watermark_v3.png\" style=\"object-position:61% 100%\" data-object-fit=\"cover\" data-object-position=\"61% 100%\" srcset=\"https:\/\/wjazni.pl\/wp-content\/uploads\/2026\/04\/om_watermark_v3.png 570w, https:\/\/wjazni.pl\/wp-content\/uploads\/2026\/04\/om_watermark_v3-300x300.png 300w, https:\/\/wjazni.pl\/wp-content\/uploads\/2026\/04\/om_watermark_v3-150x150.png 150w\" sizes=\"auto, (max-width: 570px) 100vw, 570px\" \/><span aria-hidden=\"true\" class=\"wp-block-cover__background has-background-dim-0 has-background-dim\" style=\"background-color:#d2b8be\"><\/span><div class=\"wp-block-cover__inner-container is-layout-constrained wp-block-cover-is-layout-constrained\">\n<p>Bhagavad Gita to ukochany \u015bwi\u0119ty tekst Indii. Najwa\u017cniejszy z wszystkich. Por\u00f3wnuj\u0105c do kultury zachodniej ma analogiczny statut jak Biblia. Bhagavad Gita oznacza Pie\u015b\u0144 Ducha (Pie\u015b\u0144 Pana). Jej tre\u015bci\u0105 jest wieczny dialog pomi\u0119dzy Stw\u00f3rc\u0105, a Cz\u0142owiekiem. Gdzie po\u015brednikiem jest Dusza.<\/p>\n\n\n\n<p>Zawarto\u015b\u0107 Bhagavad Gity to 700 wers\u00f3w. Bhagavad Gita jest cz\u0119\u015bci\u0105 eposu Mahabharata. Kt\u00f3ry ma wers\u00f3w 200 tysi\u0119cy.<\/p>\n\n\n\n<p>Historia opisana w Bhagavad Gicie to historia dotycz\u0105ca bitwy na Polu Kurkuszetra. Gdzie \u015bcieraj\u0105 si\u0119 dwie strony, dwie pot\u0119\u017cne armi\u0119. Historia, kt\u00f3ra doprowadzi\u0142a do tej bitwy jak i jej nast\u0119pstwa s\u0105 opisane w eposie Mahabharata. Datowanie tych wydarze\u0144 jest r\u00f3\u017cne, ale wi\u0119kszo\u015b\u0107 tradycji ustanawia te wydarzenia gdzie\u015b pomi\u0119dzy 6000 BC a 500 BC.<\/p>\n\n\n\n<p>W uj\u0119ciu kosmicznych cykli, wydarzenia na Polu Kurkuszetry rozgrywaj\u0105 si\u0119 pod koniec ostatniego cyklu wy\u017cszej \u015bwiadomo\u015bci na Ziemi, po kt\u00f3rym nast\u0119puj\u0105 stopniowo wieku ciemne, zapomnienia duchowych Prawd.<\/p>\n\n\n\n<p>Na Polu Kurkuszetry stoj\u0105 dwie armie, jedna reprezentuje prawo\u015b\u0107, a druga niskie pobudki. Po stronie prawo\u015bci stoi te\u017c Kryszna. Boski awatar, zrealizowana \u015bwi\u0119ta Istota. Jego odej\u015bcie z tego \u015bwiata przyjmowane jest jako pocz\u0105tek wiek\u00f3w ciemnych. Tradycja Indyjska uznaje historyczno\u015b\u0107 tej Istoty.<\/p>\n\n\n\n<p>Kryszna na Polu Bitwy towarzyszy Arjunie. Prawemu bojownikowi, kt\u00f3rego nachodz\u0105 w\u0105tpliwo\u015bci, czy ta walka, kt\u00f3ra ma si\u0119 zacz\u0105\u0107, ma sens. I gdy tak stoj\u0105, Kryszna i Arjuna, po\u015br\u00f3d dw\u00f3ch gotowych do boju armii, zaczyna si\u0119 ich rozmowa. Gdzie stopniowo, Kryszna, odkrywa przed Arjun\u0105 duchowe prawdy oraz okre\u015bla drog\u0119 do duchowego wyzwolenia.<\/p>\n\n\n\n<p>Wszystkie postaci, miejsca, wydarzenia oraz symbole u\u017cyte w Bhagavad Gicie nios\u0105 g\u0142\u0119bokie znaczenie i s\u0105 trudne do oczytania bez znajomo\u015bci kontekstu Mahabharaty. Z perspektywy duchowej bitwa na Polach Kurkuszetry to bitwa wewn\u0119trzna, jak\u0105 toczy cz\u0142owiek na Ziemi, w drodze do duchowego wyzwolenia. Kryszna, Najwy\u017cszy B\u00f3g, Awatar, Guru jest w sercu ka\u017cdego cz\u0142owieka i s\u0142u\u017cy rad\u0105 w tym procesie, inspiruj\u0105c, wspieraj\u0105c i nauczaj\u0105c jak osi\u0105gn\u0105\u0107 wyzwolenie, kt\u00f3rym jest zjednoczenie Cz\u0142owieka i Boga. Tekst Bhagavad Gity jest uzewn\u0119trznieniem tego wewn\u0119trznego dialogu<\/p>\n\n\n\n<p>Przyj\u0119te jest w kulturze duchowej Indii, \u017ce wielcy nauczyciele spisuj\u0105 komentarze do Bhagavad Gity. Pozwalaj\u0105ce wydoby\u0107 dla ich uczni\u00f3w, g\u0142\u0119bsze znaczenia tekstu, praktyczne porady i wsparcie w procesie duchowego oczyszczania i rozwoju.<\/p>\n\n\n\n<p>Ksi\u0105\u017cka <strong>God Talks with Arjuna, \u015ari Paramahansy Joganandy<\/strong>, to taki komentarz. Liczy oko\u0142o 1400 stron.<\/p>\n\n\n\n<p>Na tym blogu, z szacunkiem i ostro\u017cno\u015bci\u0105, ale te\u017c \u015bwiadom moich ogranicze\u0144 percepcji, traktuj\u0105c to te\u017c jako swoj\u0105 duchow\u0105 podr\u00f3\u017c, dziele si\u0119 ekstraktem z pracy z tym tekstem. Id\u0105c krok za krokiem przez kolejne wersy Bhagavad Gity.<\/p>\n\n\n\n<p><em>Jay Guru!<\/em><\/p>\n<\/div><\/div>\n","protected":false},"excerpt":{"rendered":"","protected":false},"author":2,"featured_media":0,"parent":0,"menu_order":0,"comment_status":"closed","ping_status":"closed","template":"","meta":{"site-sidebar-layout":"default","site-content-layout":"","ast-site-content-layout":"default","site-content-style":"default","site-sidebar-style":"default","ast-global-header-display":"","ast-banner-title-visibility":"","ast-main-header-display":"","ast-hfb-above-header-display":"","ast-hfb-below-header-display":"","ast-hfb-mobile-header-display":"","site-post-title":"disabled","ast-breadcrumbs-content":"","ast-featured-img":"","footer-sml-layout":"","ast-disable-related-posts":"","theme-transparent-header-meta":"","adv-header-id-meta":"","stick-header-meta":"","header-above-stick-meta":"","header-main-stick-meta":"","header-below-stick-meta":"","astra-migrate-meta-layouts":"default","ast-page-background-enabled":"default","ast-page-background-meta":{"desktop":{"background-color":"var(--ast-global-color-5)","background-image":"","background-repeat":"repeat","background-position":"center center","background-size":"auto","background-attachment":"scroll","background-type":"","background-media":"","overlay-type":"","overlay-color":"","overlay-opacity":"","overlay-gradient":""},"tablet":{"background-color":"","background-image":"","background-repeat":"repeat","background-position":"center center","background-size":"auto","background-attachment":"scroll","background-type":"","background-media":"","overlay-type":"","overlay-color":"","overlay-opacity":"","overlay-gradient":""},"mobile":{"background-color":"","background-image":"","background-repeat":"repeat","background-position":"center center","background-size":"auto","background-attachment":"scroll","background-type":"","background-media":"","overlay-type":"","overlay-color":"","overlay-opacity":"","overlay-gradient":""}},"ast-content-background-meta":{"desktop":{"background-color":"var(--ast-global-color-4)","background-image":"","background-repeat":"repeat","background-position":"center center","background-size":"auto","background-attachment":"scroll","background-type":"","background-media":"","overlay-type":"","overlay-color":"","overlay-opacity":"","overlay-gradient":""},"tablet":{"background-color":"var(--ast-global-color-4)","background-image":"","background-repeat":"repeat","background-position":"center center","background-size":"auto","background-attachment":"scroll","background-type":"","background-media":"","overlay-type":"","overlay-color":"","overlay-opacity":"","overlay-gradient":""},"mobile":{"background-color":"var(--ast-global-color-4)","background-image":"","background-repeat":"repeat","background-position":"center center","background-size":"auto","background-attachment":"scroll","background-type":"","background-media":"","overlay-type":"","overlay-color":"","overlay-opacity":"","overlay-gradient":""}},"footnotes":""},"class_list":["post-253","page","type-page","status-publish","hentry"],"_links":{"self":[{"href":"https:\/\/wjazni.pl\/index.php\/wp-json\/wp\/v2\/pages\/253","targetHints":{"allow":["GET"]}}],"collection":[{"href":"https:\/\/wjazni.pl\/index.php\/wp-json\/wp\/v2\/pages"}],"about":[{"href":"https:\/\/wjazni.pl\/index.php\/wp-json\/wp\/v2\/types\/page"}],"author":[{"embeddable":true,"href":"https:\/\/wjazni.pl\/index.php\/wp-json\/wp\/v2\/users\/2"}],"replies":[{"embeddable":true,"href":"https:\/\/wjazni.pl\/index.php\/wp-json\/wp\/v2\/comments?post=253"}],"version-history":[{"count":3,"href":"https:\/\/wjazni.pl\/index.php\/wp-json\/wp\/v2\/pages\/253\/revisions"}],"predecessor-version":[{"id":258,"href":"https:\/\/wjazni.pl\/index.php\/wp-json\/wp\/v2\/pages\/253\/revisions\/258"}],"wp:attachment":[{"href":"https:\/\/wjazni.pl\/index.php\/wp-json\/wp\/v2\/media?parent=253"}],"curies":[{"name":"wp","href":"https:\/\/api.w.org\/{rel}","templated":true}]}}