{"id":6,"date":"2026-04-26T05:49:52","date_gmt":"2026-04-26T05:49:52","guid":{"rendered":"https:\/\/serwer438621.lh.pl\/autoinstalator\/serwer438621.lh.pl\/wordpress159382\/?page_id=6"},"modified":"2026-05-01T09:44:52","modified_gmt":"2026-05-01T09:44:52","slug":"o-stronie","status":"publish","type":"page","link":"https:\/\/wjazni.pl\/index.php\/o-stronie\/","title":{"rendered":"O stronie"},"content":{"rendered":"\n<div class=\"wp-block-cover is-light has-custom-content-position is-position-top-center\" style=\"min-height:671px;aspect-ratio:unset;\"><img loading=\"lazy\" decoding=\"async\" width=\"570\" height=\"570\" class=\"wp-block-cover__image-background wp-image-182 size-full\" alt=\"\" src=\"http:\/\/wjazni.pl\/wp-content\/uploads\/2026\/04\/om_watermark_v3.png\" style=\"object-position:42% 84%\" data-object-fit=\"cover\" data-object-position=\"42% 84%\" srcset=\"https:\/\/wjazni.pl\/wp-content\/uploads\/2026\/04\/om_watermark_v3.png 570w, https:\/\/wjazni.pl\/wp-content\/uploads\/2026\/04\/om_watermark_v3-300x300.png 300w, https:\/\/wjazni.pl\/wp-content\/uploads\/2026\/04\/om_watermark_v3-150x150.png 150w\" sizes=\"auto, (max-width: 570px) 100vw, 570px\" \/><span aria-hidden=\"true\" class=\"wp-block-cover__background has-background-dim-0 has-background-dim\" style=\"background-color:#d2b8be\"><\/span><div class=\"wp-block-cover__inner-container is-layout-constrained wp-block-cover-is-layout-constrained\">\n<p>Witaj Pielgrzymko, witaj Pielgrzymie.<\/p>\n\n\n\n<p><em>W drodze do Ja\u017ani wszyscy jeste\u015bmy pielgrzymami.<\/em><\/p>\n\n\n\n<p>Na blogu s\u0105 publikowane teksty dotycz\u0105ce kontemplacyjnego czytania Bhagavad-Gity. Celem wpis\u00f3w jest przybli\u017cenie polskiemu czytelnikowi klucza czytania Bhagavad-Gity, jaki \u015ari Paramahansa Jogananda zawar\u0142 w ksi\u0105\u017cce <em>God Talks With Arjuna<\/em> (B\u00f3g rozmawia z Arjun\u0105). Ksi\u0105\u017cka nie doczeka\u0142a si\u0119 jeszcze polskiego wydania \u2014 st\u0105d ten zamys\u0142.<\/p>\n\n\n\n<p><strong>O autorze:<\/strong> jestem uczniem \u015ari Paramahansy, wcze\u015bniej by\u0142em praktykiem drogi zen. Wpisy maj\u0105 charakter osobistej podr\u00f3\u017cy przez tekst Bhagavad-Gity i komentarzy \u015ari Paramahansy. Nie s\u0105 wyk\u0142adni\u0105 szko\u0142y \u015ari Paramahansy Joganandy ani do takiej nie aspiruj\u0105. Nie s\u0105 te\u017c t\u0142umaczeniem ksi\u0105\u017cki. Maj\u0105 na celu wy\u0142\u0105cznie przybli\u017cenie tego dzie\u0142a i zainspirowanie do samodzielnego zg\u0142\u0119biania tematu.<\/p>\n\n\n\n<p>W zakresie polskich t\u0142umacze\u0144 Bhagavad-Gity posi\u0142kuj\u0119 si\u0119 stron\u0105 <a href=\"https:\/\/www.bhagavadgita.eu\" target=\"_blank\" rel=\"noopener\">bhagavadgita.eu<\/a>. We wpisach korzystam z t\u0142umaczenia <strong>Pani Joanny Sachse<\/strong>.<\/p>\n\n\n\n<p><em>Jay Guru!<\/em><\/p>\n\n\n\n<figure class=\"wp-block-image aligncenter size-full is-resized\"><img loading=\"lazy\" decoding=\"async\" width=\"698\" height=\"803\" src=\"https:\/\/wjazni.pl\/wp-content\/uploads\/2026\/04\/Gurdzi.jpg\" alt=\"\" class=\"wp-image-237\" style=\"aspect-ratio:0.8692449355432781;width:234px;height:auto\" srcset=\"https:\/\/wjazni.pl\/wp-content\/uploads\/2026\/04\/Gurdzi.jpg 698w, https:\/\/wjazni.pl\/wp-content\/uploads\/2026\/04\/Gurdzi-261x300.jpg 261w\" sizes=\"auto, (max-width: 698px) 100vw, 698px\" \/><\/figure>\n<\/div><\/div>\n\n\n\n<p><\/p>\n","protected":false},"excerpt":{"rendered":"","protected":false},"author":2,"featured_media":0,"parent":0,"menu_order":0,"comment_status":"closed","ping_status":"closed","template":"","meta":{"site-sidebar-layout":"default","site-content-layout":"","ast-site-content-layout":"default","site-content-style":"default","site-sidebar-style":"default","ast-global-header-display":"","ast-banner-title-visibility":"","ast-main-header-display":"","ast-hfb-above-header-display":"","ast-hfb-below-header-display":"","ast-hfb-mobile-header-display":"","site-post-title":"disabled","ast-breadcrumbs-content":"","ast-featured-img":"","footer-sml-layout":"","ast-disable-related-posts":"","theme-transparent-header-meta":"","adv-header-id-meta":"","stick-header-meta":"","header-above-stick-meta":"","header-main-stick-meta":"","header-below-stick-meta":"","astra-migrate-meta-layouts":"default","ast-page-background-enabled":"default","ast-page-background-meta":{"desktop":{"background-color":"var(--ast-global-color-5)","background-image":"","background-repeat":"repeat","background-position":"center center","background-size":"auto","background-attachment":"scroll","background-type":"","background-media":"","overlay-type":"","overlay-color":"","overlay-opacity":"","overlay-gradient":""},"tablet":{"background-color":"","background-image":"","background-repeat":"repeat","background-position":"center center","background-size":"auto","background-attachment":"scroll","background-type":"","background-media":"","overlay-type":"","overlay-color":"","overlay-opacity":"","overlay-gradient":""},"mobile":{"background-color":"","background-image":"","background-repeat":"repeat","background-position":"center center","background-size":"auto","background-attachment":"scroll","background-type":"","background-media":"","overlay-type":"","overlay-color":"","overlay-opacity":"","overlay-gradient":""}},"ast-content-background-meta":{"desktop":{"background-color":"var(--ast-global-color-4)","background-image":"","background-repeat":"repeat","background-position":"center center","background-size":"auto","background-attachment":"scroll","background-type":"","background-media":"","overlay-type":"","overlay-color":"","overlay-opacity":"","overlay-gradient":""},"tablet":{"background-color":"var(--ast-global-color-4)","background-image":"","background-repeat":"repeat","background-position":"center center","background-size":"auto","background-attachment":"scroll","background-type":"","background-media":"","overlay-type":"","overlay-color":"","overlay-opacity":"","overlay-gradient":""},"mobile":{"background-color":"var(--ast-global-color-4)","background-image":"","background-repeat":"repeat","background-position":"center center","background-size":"auto","background-attachment":"scroll","background-type":"","background-media":"","overlay-type":"","overlay-color":"","overlay-opacity":"","overlay-gradient":""}},"footnotes":""},"class_list":["post-6","page","type-page","status-publish","hentry"],"_links":{"self":[{"href":"https:\/\/wjazni.pl\/index.php\/wp-json\/wp\/v2\/pages\/6","targetHints":{"allow":["GET"]}}],"collection":[{"href":"https:\/\/wjazni.pl\/index.php\/wp-json\/wp\/v2\/pages"}],"about":[{"href":"https:\/\/wjazni.pl\/index.php\/wp-json\/wp\/v2\/types\/page"}],"author":[{"embeddable":true,"href":"https:\/\/wjazni.pl\/index.php\/wp-json\/wp\/v2\/users\/2"}],"replies":[{"embeddable":true,"href":"https:\/\/wjazni.pl\/index.php\/wp-json\/wp\/v2\/comments?post=6"}],"version-history":[{"count":16,"href":"https:\/\/wjazni.pl\/index.php\/wp-json\/wp\/v2\/pages\/6\/revisions"}],"predecessor-version":[{"id":250,"href":"https:\/\/wjazni.pl\/index.php\/wp-json\/wp\/v2\/pages\/6\/revisions\/250"}],"wp:attachment":[{"href":"https:\/\/wjazni.pl\/index.php\/wp-json\/wp\/v2\/media?parent=6"}],"curies":[{"name":"wp","href":"https:\/\/api.w.org\/{rel}","templated":true}]}}